{"id":274,"date":"2020-04-19T15:39:56","date_gmt":"2020-04-19T15:39:56","guid":{"rendered":"http:\/\/pension-herrnmuehle.de\/?page_id=274"},"modified":"2025-06-28T14:24:24","modified_gmt":"2025-06-28T13:24:24","slug":"impressum","status":"publish","type":"page","link":"https:\/\/herrnmuehle-rothenburg.de\/?page_id=274","title":{"rendered":"Impressum"},"content":{"rendered":"\t\t<div data-elementor-type=\"wp-page\" data-elementor-id=\"274\" class=\"elementor elementor-274\">\n\t\t\t\t\t\t<section class=\"elementor-section elementor-top-section elementor-element elementor-element-ffa7f1f elementor-section-boxed elementor-section-height-default elementor-section-height-default\" data-id=\"ffa7f1f\" data-element_type=\"section\" data-e-type=\"section\">\n\t\t\t\t\t\t<div class=\"elementor-container elementor-column-gap-default\">\n\t\t\t\t\t<div class=\"elementor-column elementor-col-100 elementor-top-column elementor-element elementor-element-076ee9b\" data-id=\"076ee9b\" data-element_type=\"column\" data-e-type=\"column\">\n\t\t\t<div class=\"elementor-widget-wrap elementor-element-populated\">\n\t\t\t\t\t\t<div class=\"elementor-element elementor-element-5fc7474 elementor-widget elementor-widget-text-editor\" data-id=\"5fc7474\" data-element_type=\"widget\" data-e-type=\"widget\" data-widget_type=\"text-editor.default\">\n\t\t\t\t<div class=\"elementor-widget-container\">\n\t\t\t\t\t\t\t\t\t<h4 class=\"xr_s11\"><span class=\"xr_tc xr_s11\">Impressum<\/span><\/h4><div>\u00a0<\/div><div class=\"xr_s11\"><span class=\"xr_tl xr_s12\">P<\/span><span class=\"xr_tl xr_s12\">ension Herrnm\u00fchle\u00a0<\/span><\/div><div class=\"xr_s11\"><span class=\"xr_tl xr_s12\">Taubertalweg 54\u00a0<\/span><br \/><span class=\"xr_tl xr_s12\">91541 Rothenburg ob der Tauber\u00a0<\/span><\/div><div class=\"xr_s11\"><span class=\"xr_tl xr_s12\">Tel.: +49 (0)9861-2176\u00a0<\/span><\/div><div class=\"xr_s11\"><span class=\"xr_tl xr_s12\">eMail: <a href=\"https:\/\/herrnmuehle-rothenburg.de\/emailkontakt.html\">info@herrnmuehle-rothenburg.de<\/a><\/span><\/div><div>\u00a0<\/div><div><span class=\"xr_tl xr_s12\">Inhaber: Andreas Knausenberger<\/span><\/div><div><span class=\"xr_tl xr_s12\">Steuernummer: 203\/237\/40497<\/span><\/div><div>\u00a0<\/div><div><span class=\"xr_tl xr_s12\">zugeh\u00f6rige Domains:<\/span><\/div><div><span class=\"xr_tl xr_s12\">www.herrnmuehle-rothenburg.de<\/span><\/div><div><span class=\"xr_tl xr_s12\">www.herrnm\u00fchle-rothenburg.de<\/span><\/div><div><span class=\"xr_tl xr_s12\">www.herrnmuehle-rothenburg.de<\/span><\/div><div><span class=\"xr_tl xr_s12\">www.herrnm\u00fchle.de<\/span><\/div><div>\u00a0<\/div><div><span class=\"xr_tl xr_s12\">Gestaltung und Programmierung dieser homepage:<\/span><\/div><div><span class=\"xr_tl xr_s12\">Cornelia Knausenberger<\/span><\/div><div><span class=\"xr_tl xr_s12\">Taubertalweg 54<\/span><\/div><div><span class=\"xr_tl xr_s12\">91541 Rothenburg ob der Tauber<\/span><\/div><div><span class=\"xr_tl xr_s12\">eMail: <a href=\"mailto:webmaster@herrnmuehle-rothenburg.de\">webmaster@herrnmuehle-rothenburg.de<\/a><\/span><\/div><div>\u00a0<\/div>\t\t\t\t\t\t\t\t<\/div>\n\t\t\t\t<\/div>\n\t\t\t\t\t<\/div>\n\t\t<\/div>\n\t\t\t\t\t<\/div>\n\t\t<\/section>\n\t\t\t\t<section class=\"elementor-section elementor-top-section elementor-element elementor-element-9e8e598 elementor-section-boxed elementor-section-height-default elementor-section-height-default\" data-id=\"9e8e598\" data-element_type=\"section\" data-e-type=\"section\">\n\t\t\t\t\t\t<div class=\"elementor-container elementor-column-gap-default\">\n\t\t\t\t\t<div class=\"elementor-column elementor-col-100 elementor-top-column elementor-element elementor-element-7c6f5d7\" data-id=\"7c6f5d7\" data-element_type=\"column\" data-e-type=\"column\">\n\t\t\t<div class=\"elementor-widget-wrap elementor-element-populated\">\n\t\t\t\t\t\t<div class=\"elementor-element elementor-element-cc49c05 elementor-widget elementor-widget-text-editor\" data-id=\"cc49c05\" data-element_type=\"widget\" data-e-type=\"widget\" data-widget_type=\"text-editor.default\">\n\t\t\t\t<div class=\"elementor-widget-container\">\n\t\t\t\t\t\t\t\t\t<h4>Disclaimer<\/h4>\n<p>(1) Haftung<\/p>\n<p>Informationen auf dieser WebseiteDie Inhalte dieser Website werden mit gr\u00f6\u00dftm\u00f6glicher Sorgfalt erstellt. Der Anbieter \u00fcbernimmt jedoch keine Haftung f\u00fcr die Richtigkeit, Vollst\u00e4ndigkeit und Aktualit\u00e4t der bereit gestellten Inhalte. Etwaige Beitr\u00e4ge Dritter geben die Meinung des jeweiligen Autors wieder.Der Anbieter wird sich bem\u00fchen, den Dienst m\u00f6glichst unterbrechungsfrei zum Abruf anzubieten. Auch bei aller Sorgfalt k\u00f6nnen aber Ausfallzeiten nicht ausgeschlossen werden. Der Anbieter beh\u00e4lt sich das Recht vor, sein Angebot jederzeit zu \u00e4ndern oder einzustellen.Externe LinksDiese Website enth\u00e4lt Links zu Websites Dritter (&#8222;externe Links&#8220;). Diese Websites unterliegen der Haftung der jeweiligen Betreiber. Der Anbieter hat bei der erstmaligen Verkn\u00fcpfung der externen Links die fremden Inhalte daraufhin \u00fcberpr\u00fcft, ob etwaige Rechtsverst\u00f6\u00dfe bestehen. Zu dem Zeitpunkt waren keine Rechtsverst\u00f6\u00dfe ersichtlich. Der Anbieter hat keinerlei Einfluss auf die aktuelle und zuk\u00fcnftige Gestaltung und auf die Inhalte der verkn\u00fcpften Seiten. Eine st\u00e4ndige Kontrolle dieser externen Links ist f\u00fcr den Anbieter ohne konkrete Hinweise auf Rechtsverst\u00f6\u00dfe nicht zumutbar. Bei Kenntnis von Rechtsverst\u00f6\u00dfen werden jedoch derartige externe Links unverz\u00fcglich gel\u00f6scht. WerbeanzeigenF\u00fcr den Inhalt der Werbeanzeigen ist der jeweilige Autor verantwortlich, ebenso wie f\u00fcr den Inhalt der beworbenen Website. Die Darstellung der Werbeanzeige stellt keine Akzeptanz durch den Anbieter dar.Sollten dennoch eine Verletzung als gegeben angesehen werden, bittet der Anbieter um einen vorherigen Hinweis und von kostenverursachenden Ma\u00dfnahmen abzusehen.<\/p>\n<p>(2) Urheberrecht<\/p>\n<p>Die auf dieser Website ver\u00f6ffentlichten Inhalte und Werke sind urheberrechtlich gesch\u00fctzt. Jede vom deutschen Urheberrecht nicht zugelassene Verwertung bedarf der vorherigen schriftlichen Zustimmung des jeweiligen Autors oder Urhebers. Dies gilt insbesondere f\u00fcr Vervielf\u00e4ltigung, Bearbeitung, \u00dcbersetzung, Einspeicherung, Verarbeitung bzw. Wiedergabe von Inhalten in Datenbanken oder anderen elektronischen Medien und Systemen. Inhalte und Beitr\u00e4ge Dritter sind dabei als solche gekennzeichnet. Die unerlaubte Vervielf\u00e4ltigung oder Weitergabe einzelner Inhalte oder kompletter Seiten ist nicht gestattet und strafbar. Lediglich die Herstellung von Kopien und Downloads f\u00fcr den pers\u00f6nlichen, privaten und nicht kommerziellen Gebrauch ist erlaubt. Soweit nicht anders angegeben:<\/p>\n<p>&#8211; Die verwendetet Bilder und Symbole sind selbst erstellt bzw. aufgenommen und aufbereitet.&nbsp;<\/p>\n<p>&#8211; Die icons f\u00fcr den facebook, und TripAdvisor link stammen von WordPress-Plugin<\/p>\n<p>Links zu den Websites des Anbieters sind jederzeit willkommen und bed\u00fcrfen keiner Zustimmung durch den Betreiber der Website. Die Darstellung dieser Website in fremden Frames ist nur mit Erlaubnis zul\u00e4ssig.<\/p>\n<p>(3) Datenschutz<\/p>\n<p>Angaben gem\u00e4\u00df DSGVO: siehe Datenschutzerkl\u00e4rung.&nbsp;Die Verwendung der Kontaktdaten der Anbieterkennzeichnung &#8211; insbesondere der Telefon-\/Faxnummern und eMail-Adresse &#8211; zur gewerblichen Werbung ist ausdr\u00fccklich nicht erw\u00fcnscht, es sei denn der Anbieter hatte zuvor seine schriftliche Einwilligung erteilt oder es besteht bereits ein gesch\u00e4ftlicher Kontakt. Im Falle der Zuwiderhandlung beh\u00e4lt sich der Anbieter rechtliche Schritte vor.<\/p>\n<p>(4) Rechtswirksamkeit<\/p>\n<p>Sollten einzelne Bestimmungen dieser Vereinbarung ganz oder teilweise unwirksam oder undurchf\u00fchrbar sein oder ihre Rechtswirksamkeit sp\u00e4ter verlieren, so soll dadurch die Wirksamkeit der \u00fcbrigen Bestimmungen nicht ber\u00fchrt werden. Anstelle der unwirksamen oder undurchf\u00fchrbaren Bestimmung soll diejenige wirksame und durchf\u00fchrbare Regelung treten, deren Wirkungen der wirtschaftlichen Zielsetzung m\u00f6glichst nahe kommen, die die Vertragsparteien mit der unwirksamen beziehungsweise undurchf\u00fchrbaren Bestimmung verfolgt haben. Die vorstehenden Bestimmungen gelten entsprechend f\u00fcr den Fall, dass sich der Vertrag als l\u00fcckenhaft erweist.<\/p>\n<p>Quelle: <a href=\"http:\/\/www.juraforum.de\/disclaimer-muster\/\" target=\"_blank\" rel=\"noopener\">Disclaimer <\/a>von <a href=\"http:\/\/www.juraforum.de\/\" target=\"_blank\" rel=\"noopener\">Juraforum.de &#8211; das Recht-Portal<\/a><\/p>\n<h2 style=\"font-variant-numeric: normal; font-variant-east-asian: normal; font-variant-alternates: normal; font-variant-position: normal; font-variant-emoji: normal; letter-spacing: normal;\" align=\"left\"><span style=\"display: inline-block; border: none; padding: 0cm;\"><span style=\"font-family: Arial;\"><span style=\"font-size: 13pt;\"><b><span style=\"background: transparent;\"><span style=\"color: #000000;\">Anwendbarkeit des Barrierefreiheitsst\u00e4rkungsgesetz (BFSG)<\/span><\/span><\/b><\/span><\/span><\/span><\/h2>\n<p style=\"font-variant-numeric: normal; font-variant-east-asian: normal; font-variant-alternates: normal; font-variant-position: normal; font-variant-emoji: normal;\" align=\"left\"><span style=\"display: inline-block; border: none; padding: 0cm;\"><span style=\"font-family: Arial;\"><span style=\"font-size: 15pt;\"><span style=\"background: transparent;\"><span style=\"color: #000000;\"><span style=\"font-size: 12pt;\">Wir sind von der Barrierefreiheitspflicht ausgenommen. Kriterien f\u00fcr diese Ausnahme:<\/span><\/span><\/span><\/span><\/span><\/span><\/p>\n<p style=\"font-variant-numeric: normal; font-variant-east-asian: normal; font-variant-alternates: normal; font-variant-position: normal; font-variant-emoji: normal;\" align=\"left\"><span style=\"display: inline-block; border: none; padding: 0cm;\"><span style=\"font-family: Arial;\"><span style=\"font-size: 15pt;\"><span style=\"background: transparent;\"><span style=\"color: #000000;\"><span style=\"font-size: 12pt;\">&#8211; weniger als zehn Mitarbeiter besch\u00e4ftigt<\/span><\/span><\/span><\/span><\/span><\/span><\/p>\n<p style=\"font-variant-numeric: normal; font-variant-east-asian: normal; font-variant-alternates: normal; font-variant-position: normal; font-variant-emoji: normal;\" align=\"left\"><span style=\"display: inline-block; border: none; padding: 0cm;\"><span style=\"font-family: Arial;\"><span style=\"font-size: 15pt;\"><span style=\"background: transparent;\"><span style=\"color: #000000;\"><span style=\"font-size: 12pt;\">&#8211; einen Jahresumsatz oder eine Jahresbilanzsumme von <\/span><span style=\"font-size: 12pt;\">weniger als<\/span><span style=\"font-size: 12pt;\"> zwei Millionen Euro<\/span><\/span><\/span><\/span><\/span><\/span><\/p>\n<p style=\"font-variant-numeric: normal; font-variant-east-asian: normal; font-variant-alternates: normal; font-variant-position: normal; font-variant-emoji: normal;\" align=\"left\"><span style=\"display: inline-block; border: none; padding: 0cm;\"><span style=\"font-family: Arial;\"><span style=\"font-size: 15pt;\"><span style=\"background: transparent;\"><span style=\"color: #000000;\"><span style=\"font-size: 12pt;\">Dennoch bem\u00fchen wir uns nat\u00fcrlich um Barrierefreiheit.<\/span><\/span><\/span><\/span><\/span><\/span><\/p>\n<h2 style=\"font-variant-numeric: normal; font-variant-east-asian: normal; font-variant-alternates: normal; font-variant-position: normal; font-variant-emoji: normal; letter-spacing: normal;\" align=\"left\"><span style=\"display: inline-block; border: none; padding: 0cm;\"><span style=\"font-family: Arial;\"><span style=\"font-size: 13pt;\"><b><span style=\"background: transparent;\"><span style=\"color: #000000;\">Wo es noch nicht so ganz klappt:<\/span><\/span><\/b><\/span><\/span><\/span><\/h2>\n<p style=\"font-variant-numeric: normal; font-variant-east-asian: normal; font-variant-alternates: normal; font-variant-position: normal; font-variant-emoji: normal;\" align=\"left\"><span style=\"display: inline-block; border: none; padding: 0cm;\"><span style=\"font-family: Arial;\"><span style=\"font-size: 15pt;\"><span style=\"background: transparent;\"><span style=\"color: #000000;\"><span style=\"font-size: 12pt;\">1.Haupt-Navigations-Leiste mit Untermen\u00fcs als drop-down<\/span><\/span><\/span><\/span><\/span><\/span><\/p>\n<p style=\"font-variant-numeric: normal; font-variant-east-asian: normal; font-variant-alternates: normal; font-variant-position: normal; font-variant-emoji: normal;\" align=\"left\"><span style=\"display: inline-block; border: none; padding: 0cm;\"><span style=\"font-family: Arial;\"><span style=\"font-size: 15pt;\"><span style=\"background: transparent;\"><span style=\"color: #000000;\"><span style=\"font-size: 12pt;\">2.<\/span><span style=\"font-size: 12pt;\">Bilder-Slide bei den einzelnen Zimmern und Wohnungen<\/span><\/span><\/span><\/span><\/span><\/span><\/p>\n<h2 style=\"font-variant-numeric: normal; font-variant-east-asian: normal; font-variant-alternates: normal; font-variant-position: normal; font-variant-emoji: normal; letter-spacing: normal;\" align=\"left\"><span style=\"display: inline-block; border: none; padding: 0cm;\"><span style=\"font-family: Arial;\"><span style=\"font-size: 13pt;\"><b><span style=\"background: transparent;\"><span style=\"color: #000000;\">R\u00fcckmeldung<\/span><\/span><\/b><\/span><\/span><\/span><\/h2>\n<p align=\"left\"><span style=\"display: inline-block; border: none; padding: 0cm;\"><span style=\"color: #000000;\"><span style=\"font-family: Arial;\"><span style=\"font-size: 12pt;\">Sollten Sie noch weitere als die angegeben Stellen entdeckt haben, die noch nicht passen, so bitte<\/span><\/span><\/span><\/span><span style=\"color: #000000;\"><span style=\"font-family: Arial;\"><span style=\"font-size: 12pt;\">n wir<\/span><\/span><\/span><span style=\"color: #000000;\"><span style=\"font-family: Arial;\"><span style=\"font-size: 12pt;\"> Sie <\/span><\/span><\/span><span style=\"color: #000000;\"><span style=\"font-family: Arial;\"><span style=\"font-size: 12pt;\">diese uns<\/span><\/span><\/span><span style=\"color: #000000;\"><span style=\"font-family: Arial;\"><span style=\"font-size: 12pt;\"> mitzuteilen.<\/span><\/span><\/span><\/p>\n<p align=\"left\"><b style=\"background-color: transparent; font-size: 13pt; font-family: Arial;\"><span style=\"background: transparent;\"><span style=\"color: #000000;\">Anmerkung des Verfassers dieser Barrierefreiheitserkl\u00e4rung<\/span><\/span><\/b><\/p>\n<p style=\"margin-bottom: 0cm;\" align=\"left\"><span style=\"display: inline-block; border: none; padding: 0cm;\"><span style=\"color: #000000;\"><span style=\"font-family: Arial;\"><span style=\"font-size: 12pt;\">Die Umsetzung der Barrierefreiheit&nbsp;<\/span><\/span><\/span><\/span><span style=\"color: #000000;\"><span style=\"font-family: Arial;\"><span style=\"font-size: 12pt;\">ist nicht<\/span><\/span><\/span><span style=\"color: #000000;\"><span style=\"font-family: Arial;\"><span style=\"font-size: 12pt;\"> so ganz einfach und bedarf einiger Umbauten an unseres Internetseite. <\/span><\/span><\/span><span style=\"color: #000000;\"><span style=\"font-family: Arial;\"><span style=\"font-size: 12pt;\">Wir<\/span><\/span><\/span><span style=\"color: #000000;\"><span style=\"font-family: Arial;\"><span style=\"font-size: 12pt;\"> arbeite<\/span><\/span><\/span><span style=\"color: #000000;\"><span style=\"font-family: Arial;\"><span style=\"font-size: 12pt;\">n<\/span><\/span><\/span><span style=\"color: #000000;\"><span style=\"font-family: Arial;\"><span style=\"font-size: 12pt;\"> d<\/span><\/span><\/span><span style=\"color: #000000;\"><span style=\"font-family: Arial;\"><span style=\"font-size: 12pt;\">a<\/span><\/span><\/span><span style=\"color: #000000;\"><span style=\"font-family: Arial;\"><span style=\"font-size: 12pt;\">ran.<\/span><\/span><\/span><\/p>\n<p style=\"margin-bottom: 0cm;\" align=\"left\">\n<\/p><p style=\"margin-bottom: 0cm;\" align=\"left\"><span style=\"display: inline-block; border: none; padding: 0cm;\"><span style=\"color: #000000;\"><span style=\"font-family: Arial;\"><span style=\"font-size: 12pt;\">Weitere Informationen, siehe auch:<\/span><\/span><\/span><\/span><\/p>\n<p style=\"margin-bottom: 0cm;\" align=\"left\"><span style=\"display: inline-block; border: none; padding: 0cm;\"><span style=\"font-variant-numeric: normal; font-variant-east-asian: normal; font-variant-alternates: normal; font-variant-position: normal; font-variant-emoji: normal;\"><span style=\"color: #0000ee;\"><span style=\"font-family: Arial;\"><span style=\"font-size: 12pt;\"><u><span style=\"background: transparent;\"><a href=\"http:\/\/www.aktion-mensch.de\/inklusion\/barrierefreiheit\/barrierefreie-website\/gesetzliche-pflichten\">www.aktion-mensch.de\/inklusion\/barrierefreiheit\/barrierefreie-website\/gesetzliche-pflichten<\/a><\/span><\/u><\/span><\/span><\/span><\/span><\/span><\/p>\n<p style=\"margin-bottom: 0cm;\" align=\"left\"><span style=\"display: inline-block; border: none; padding: 0cm;\"><span style=\"font-variant-numeric: normal; font-variant-east-asian: normal; font-variant-alternates: normal; font-variant-position: normal; font-variant-emoji: normal;\"><span style=\"color: #0000ee;\"><span style=\"font-family: Arial;\"><span style=\"font-size: 12pt;\"><u><span style=\"background: transparent;\"><a href=\"https:\/\/bfsg-gesetz.de\/check\/\" target=\"_blank\" rel=\"noopener\">bfsg-gesetz.de\/check\/<\/a><\/span><\/u><\/span><\/span><\/span><\/span><\/span><\/p>\n<p style=\"margin-bottom: 0cm;\" align=\"left\"><span style=\"display: inline-block; border: none; padding: 0cm;\"><span style=\"color: #000000;\"><span style=\"font-family: Arial;\"><span style=\"font-size: 12pt;\">Stand&nbsp;<\/span><\/span><\/span><\/span><span style=\"color: #000000;\"><span style=\"font-family: Arial;\"><span style=\"font-size: 12pt;\">27<\/span><\/span><\/span><span style=\"color: #000000;\"><span style=\"font-family: Arial;\"><span style=\"font-size: 12pt;\">.06.2025<\/span><\/span><\/span><\/p>\t\t\t\t\t\t\t\t<\/div>\n\t\t\t\t<\/div>\n\t\t\t\t\t<\/div>\n\t\t<\/div>\n\t\t\t\t\t<\/div>\n\t\t<\/section>\n\t\t\t\t<\/div>\n\t\t","protected":false},"excerpt":{"rendered":"<p>Impressum \u00a0Pension Herrnm\u00fchle\u00a0Taubertalweg 54\u00a091541 Rothenburg ob der Tauber\u00a0Tel.: +49 (0)9861-2176\u00a0eMail: info@herrnmuehle-rothenburg.de\u00a0Inhaber: Andreas KnausenbergerSteuernummer: 203\/237\/40497\u00a0zugeh\u00f6rige Domains:www.herrnmuehle-rothenburg.dewww.herrnm\u00fchle-rothenburg.dewww.herrnmuehle-rothenburg.dewww.herrnm\u00fchle.de\u00a0Gestaltung und Programmierung dieser homepage:Cornelia KnausenbergerTaubertalweg 5491541 Rothenburg ob der TaubereMail: webmaster@herrnmuehle-rothenburg.de\u00a0 Disclaimer (1) Haftung Informationen auf dieser WebseiteDie Inhalte dieser Website werden mit gr\u00f6\u00dftm\u00f6glicher Sorgfalt erstellt. Der Anbieter \u00fcbernimmt jedoch keine Haftung f\u00fcr die Richtigkeit, Vollst\u00e4ndigkeit und Aktualit\u00e4t der bereit&hellip;&nbsp;<a href=\"https:\/\/herrnmuehle-rothenburg.de\/?page_id=274\" rel=\"bookmark\">Weiterlesen &raquo;<span class=\"screen-reader-text\">Impressum<\/span><\/a><\/p>\n","protected":false},"author":1,"featured_media":0,"parent":0,"menu_order":0,"comment_status":"closed","ping_status":"closed","template":"page-templates\/template-pagebuilder-full-width.php","meta":{"neve_meta_sidebar":"full-width","neve_meta_container":"","neve_meta_enable_content_width":"on","neve_meta_content_width":100,"neve_meta_title_alignment":"","neve_meta_author_avatar":"","neve_post_elements_order":"","neve_meta_disable_header":"","neve_meta_disable_footer":"","neve_meta_disable_title":"","footnotes":""},"class_list":["post-274","page","type-page","status-publish","hentry"],"_links":{"self":[{"href":"https:\/\/herrnmuehle-rothenburg.de\/index.php?rest_route=\/wp\/v2\/pages\/274","targetHints":{"allow":["GET"]}}],"collection":[{"href":"https:\/\/herrnmuehle-rothenburg.de\/index.php?rest_route=\/wp\/v2\/pages"}],"about":[{"href":"https:\/\/herrnmuehle-rothenburg.de\/index.php?rest_route=\/wp\/v2\/types\/page"}],"author":[{"embeddable":true,"href":"https:\/\/herrnmuehle-rothenburg.de\/index.php?rest_route=\/wp\/v2\/users\/1"}],"replies":[{"embeddable":true,"href":"https:\/\/herrnmuehle-rothenburg.de\/index.php?rest_route=%2Fwp%2Fv2%2Fcomments&post=274"}],"version-history":[{"count":16,"href":"https:\/\/herrnmuehle-rothenburg.de\/index.php?rest_route=\/wp\/v2\/pages\/274\/revisions"}],"predecessor-version":[{"id":970,"href":"https:\/\/herrnmuehle-rothenburg.de\/index.php?rest_route=\/wp\/v2\/pages\/274\/revisions\/970"}],"wp:attachment":[{"href":"https:\/\/herrnmuehle-rothenburg.de\/index.php?rest_route=%2Fwp%2Fv2%2Fmedia&parent=274"}],"curies":[{"name":"wp","href":"https:\/\/api.w.org\/{rel}","templated":true}]}}